{"id":15,"date":"2025-11-29T12:51:10","date_gmt":"2025-11-29T11:51:10","guid":{"rendered":"https:\/\/shop.smarterwolf.de\/?page_id=15"},"modified":"2025-11-30T11:16:12","modified_gmt":"2025-11-30T10:16:12","slug":"agb","status":"publish","type":"page","link":"https:\/\/shop.smarterwolf.de\/?page_id=15","title":{"rendered":"AGB"},"content":{"rendered":"\n<p>\u00a7 1 Geltungsbereich<\/p>\n\n\n\n<p>Diese Allgemeinen Gesch\u00e4ftsbedingungen gelten gegen\u00fcber Verbrauchern, Unternehmern und juristischen Personen. Entgegenstehende oder von unseren Gesch\u00e4ftsbedingungen abweichende Bedingungen des Kunden erkennen wir nicht an.<\/p>\n\n\n\n<p>\u00a7 2 Preise \/ Versandkosten \/ Zahlungsbedingungen<\/p>\n\n\n\n<p>1. S\u00e4mtliche Preise enthalten die gesetzlich g\u00fcltige Mehrwertsteuer zzgl. Versandkosten.<br>2. Das vereinbarte Entgelt nebst der Versandkosten ist im Voraus zur Zahlung f\u00e4llig.<\/p>\n\n\n\n<p>\u00a7 3 R\u00fccktrittsrecht mangels vertragsgem\u00e4\u00dfer Belieferung<\/p>\n\n\n\n<p>Ist der K\u00e4ufer Unternehmer oder eine juristische Person gilt Folgendes:<\/p>\n\n\n\n<p>Wir sind berechtigt, vom abgeschlossenen Vertrag zur\u00fcckzutreten, wenn wir die zu liefernde Ware nicht, nicht in vertragsgem\u00e4\u00dfem Zustand und \/ oder nicht rechtzeitig trotz eines abgeschlossenen konkreten Deckungsgesch\u00e4fts erhalten, wir dies nicht zu vertreten haben und daher unsere Vertragspflichten nicht erf\u00fcllen k\u00f6nnen. Sind diese Voraussetzungen gegeben, werden wir Sie unverz\u00fcglich hier\u00fcber unterrichten und eine eventuelle Vorauszahlung \/ Zuvielzahlung unverz\u00fcglich erstatten.<\/p>\n\n\n\n<p>\u00a7 4 M\u00e4ngel der Kaufsache<\/p>\n\n\n\n<p>1. Beim Verkauf gebrauchter Produkte verj\u00e4hren die M\u00e4ngelanspr\u00fcche des Kunden in 12 Monaten. Dies gilt nicht,<\/p>\n\n\n\n<p>&#8211; wenn wir den Mangel arglistig verschwiegen haben;<\/p>\n\n\n\n<p>&#8211; wenn wir eine Garantie f\u00fcr die Beschaffenheit der Sache oder eine Haltbarkeitsgarantie \u00fcbernommen haben und der Mangel dieser Garantie unterf\u00e4llt;<\/p>\n\n\n\n<p>&#8211; f\u00fcr etwaige Schadensersatzanspr\u00fcche des Kunden, die auf Ersatz eines K\u00f6per- oder Gesundheitsschadens gerichtet sind. F\u00fcr jede schuldhafte Verletzung des Lebens, des K\u00f6rpers oder der Gesundheit haften wir im gesetzlichen Umfang.<\/p>\n\n\n\n<p>&#8211; f\u00fcr etwaige Schadensersatzanspr\u00fcche des Kunden, die auf einer grob fahrl\u00e4ssigen Pflichtverletzung unsererseits oder auf einer vors\u00e4tzlichen oder grob fahrl\u00e4ssigen Pflichtverletzung unseres gesetzlichen Vertreters oder unseres Erf\u00fcllungsgehilfen beruhen;<\/p>\n\n\n\n<p>&#8211; f\u00fcr Anspr\u00fcche, die auf einer schuldhaften Verletzung unserer Pflicht zur \u00dcbergabe des Kaufgegenstands frei von Sach- und Rechtsm\u00e4ngeln und unserer Pflicht zur Verschaffung des Eigentums hieran beruhen.<\/p>\n\n\n\n<p>2. Ist der K\u00e4ufer Unternehmer, Kaufmann oder eine juristische Person, gilt Folgendes:<\/p>\n\n\n\n<p>Die M\u00e4ngelanspr\u00fcche des Kunden verj\u00e4hren in 12 Monaten. Dies gilt nicht<\/p>\n\n\n\n<p>&#8211; wenn wir den Mangel arglistig verschweigen;<\/p>\n\n\n\n<p>&#8211; wenn wir eine Garantie f\u00fcr die Beschaffenheit der Sache oder eine Haltbarkeitsgarantie \u00fcbernommen haben und der Mangel dieser Garantie unterf\u00e4llt;<\/p>\n\n\n\n<p>&#8211; f\u00fcr etwaige Schadensersatzanspr\u00fcche des Kunden, die auf Ersatz eines K\u00f6per- oder Gesundheitsschadens gerichtet sind. F\u00fcr jede schuldhafte Verletzung des Lebens, des K\u00f6rpers oder der Gesundheit haften wir im gesetzlichen Umfang.<\/p>\n\n\n\n<p>&#8211; f\u00fcr etwaige Schadensersatzanspr\u00fcche des Kunden, die auf einer grob fahrl\u00e4ssigen Pflichtverletzung unsererseits oder auf einer vors\u00e4tzlichen oder grob fahrl\u00e4ssigen Pflichtverletzung unseres gesetzlichen Vertreters oder unseres Erf\u00fcllungsgehilfen beruhen;<\/p>\n\n\n\n<p>&#8211; f\u00fcr Anspr\u00fcche, die auf einer schuldhaften Verletzung unserer Pflicht zur \u00dcbergabe des Kaufgegenstands frei von Sach- und Rechtsm\u00e4ngeln und unserer Pflicht zur Verschaffung des Eigentums hieran beruhen.<\/p>\n\n\n\n<p>\u00a7 5 Eigentumsvorbehalt<\/p>\n\n\n\n<p>Wir behalten uns das Eigentum an den Liefergegenst\u00e4nden bis zur vollst\u00e4ndigen Bezahlung des vereinbarten Kaufpreises nebst Versandkosten vor.<\/p>\n\n\n\n<p>\u00a7 6 Rechtswahl, Gerichtsstand<\/p>\n\n\n\n<p>6.1 Ist der K\u00e4ufer kein Verbraucher : Es gilt das Recht der Bundesrepublik Deutschland unter Ausschluss des UN-Kaufrechts.<\/p>\n\n\n\n<p>6.2 Ist der K\u00e4ufer Verbraucher, gelten zun\u00e4chst die zwingenden verbrauchersch\u00fctzenden Vorschriften des Landes, in dem der Verbraucher seinen Wohnsitz hat. Im \u00dcbrigen gilt das Recht der Bundesrepublik Deutschland.<\/p>\n\n\n\n<p>6.3 Ist der Kunde Kaufmann, wird f\u00fcr s\u00e4mtliche Streitigkeiten, die im Rahmen dieses Vertragsverh\u00e4ltnisses entstehen, Neuwied als Gerichtsstand vereinbart.<\/p>\n\n\n\n<p><a><\/a> \u00a7 7 Unwirksamkeit einer Vertragsbestimmung<\/p>\n\n\n\n<p>Sollte eine Bestimmung dieses Vertrages nichtig sein oder werden, so bleibt die G\u00fcltigkeit der anderen Bestimmungen hiervon unber\u00fchrt.<\/p>\n\n\n\n<p><br><a href=\"http:\/\/wolfsoft.de\/download\/agb_wolfsoft_gmbh.pdf\">Download der AGB<\/a><\/p>\n","protected":false},"excerpt":{"rendered":"<p>\u00a7 1 Geltungsbereich Diese Allgemeinen Gesch\u00e4ftsbedingungen gelten gegen\u00fcber Verbrauchern, Unternehmern und juristischen Personen. Entgegenstehende oder von unseren Gesch\u00e4ftsbedingungen abweichende Bedingungen [&hellip;]<\/p>\n","protected":false},"author":1,"featured_media":0,"parent":0,"menu_order":0,"comment_status":"closed","ping_status":"closed","template":"","meta":{"site-sidebar-layout":"default","site-content-layout":"","ast-site-content-layout":"default","site-content-style":"default","site-sidebar-style":"default","ast-global-header-display":"","ast-banner-title-visibility":"","ast-main-header-display":"","ast-hfb-above-header-display":"","ast-hfb-below-header-display":"","ast-hfb-mobile-header-display":"","site-post-title":"","ast-breadcrumbs-content":"","ast-featured-img":"","footer-sml-layout":"","theme-transparent-header-meta":"","adv-header-id-meta":"","stick-header-meta":"","header-above-stick-meta":"","header-main-stick-meta":"","header-below-stick-meta":"","astra-migrate-meta-layouts":"default","ast-page-background-enabled":"default","ast-page-background-meta":{"desktop":{"background-color":"var(--ast-global-color-5)","background-image":"","background-repeat":"repeat","background-position":"center center","background-size":"auto","background-attachment":"scroll","background-type":"","background-media":"","overlay-type":"","overlay-color":"","overlay-opacity":"","overlay-gradient":""},"tablet":{"background-color":"","background-image":"","background-repeat":"repeat","background-position":"center center","background-size":"auto","background-attachment":"scroll","background-type":"","background-media":"","overlay-type":"","overlay-color":"","overlay-opacity":"","overlay-gradient":""},"mobile":{"background-color":"","background-image":"","background-repeat":"repeat","background-position":"center center","background-size":"auto","background-attachment":"scroll","background-type":"","background-media":"","overlay-type":"","overlay-color":"","overlay-opacity":"","overlay-gradient":""}},"ast-content-background-meta":{"desktop":{"background-color":"var(--ast-global-color-4)","background-image":"","background-repeat":"repeat","background-position":"center center","background-size":"auto","background-attachment":"scroll","background-type":"","background-media":"","overlay-type":"","overlay-color":"","overlay-opacity":"","overlay-gradient":""},"tablet":{"background-color":"var(--ast-global-color-4)","background-image":"","background-repeat":"repeat","background-position":"center center","background-size":"auto","background-attachment":"scroll","background-type":"","background-media":"","overlay-type":"","overlay-color":"","overlay-opacity":"","overlay-gradient":""},"mobile":{"background-color":"var(--ast-global-color-4)","background-image":"","background-repeat":"repeat","background-position":"center center","background-size":"auto","background-attachment":"scroll","background-type":"","background-media":"","overlay-type":"","overlay-color":"","overlay-opacity":"","overlay-gradient":""}},"footnotes":""},"class_list":["post-15","page","type-page","status-publish","hentry"],"_links":{"self":[{"href":"https:\/\/shop.smarterwolf.de\/index.php?rest_route=\/wp\/v2\/pages\/15","targetHints":{"allow":["GET"]}}],"collection":[{"href":"https:\/\/shop.smarterwolf.de\/index.php?rest_route=\/wp\/v2\/pages"}],"about":[{"href":"https:\/\/shop.smarterwolf.de\/index.php?rest_route=\/wp\/v2\/types\/page"}],"author":[{"embeddable":true,"href":"https:\/\/shop.smarterwolf.de\/index.php?rest_route=\/wp\/v2\/users\/1"}],"replies":[{"embeddable":true,"href":"https:\/\/shop.smarterwolf.de\/index.php?rest_route=%2Fwp%2Fv2%2Fcomments&post=15"}],"version-history":[{"count":1,"href":"https:\/\/shop.smarterwolf.de\/index.php?rest_route=\/wp\/v2\/pages\/15\/revisions"}],"predecessor-version":[{"id":40,"href":"https:\/\/shop.smarterwolf.de\/index.php?rest_route=\/wp\/v2\/pages\/15\/revisions\/40"}],"wp:attachment":[{"href":"https:\/\/shop.smarterwolf.de\/index.php?rest_route=%2Fwp%2Fv2%2Fmedia&parent=15"}],"curies":[{"name":"wp","href":"https:\/\/api.w.org\/{rel}","templated":true}]}}